{"id":8,"date":"2023-09-01T21:12:04","date_gmt":"2023-09-01T19:12:04","guid":{"rendered":"https:\/\/conectasur.com.mx\/?page_id=8"},"modified":"2025-03-08T18:23:17","modified_gmt":"2025-03-08T17:23:17","slug":"about-us","status":"publish","type":"page","link":"https:\/\/conectasur.com.mx\/?page_id=8","title":{"rendered":""},"content":{"rendered":"\t\t<div data-elementor-type=\"wp-page\" data-elementor-id=\"8\" class=\"elementor elementor-8\">\n\t\t\t\t\t\t<section class=\"elementor-section elementor-top-section elementor-element elementor-element-bde9e3b elementor-section-boxed elementor-section-height-default elementor-section-height-default\" data-id=\"bde9e3b\" data-element_type=\"section\">\n\t\t\t\t\t\t<div class=\"elementor-container elementor-column-gap-default\">\n\t\t\t\t\t<div class=\"elementor-column elementor-col-100 elementor-top-column elementor-element elementor-element-6751074\" data-id=\"6751074\" data-element_type=\"column\">\n\t\t\t<div class=\"elementor-widget-wrap elementor-element-populated\">\n\t\t\t\t\t\t<div class=\"elementor-element elementor-element-baa8b05 elementor-widget elementor-widget-spacer\" data-id=\"baa8b05\" data-element_type=\"widget\" data-widget_type=\"spacer.default\">\n\t\t\t\t<div class=\"elementor-widget-container\">\n\t\t\t\t\t\t\t<div class=\"elementor-spacer\">\n\t\t\t<div class=\"elementor-spacer-inner\"><\/div>\n\t\t<\/div>\n\t\t\t\t\t\t<\/div>\n\t\t\t\t<\/div>\n\t\t\t\t<div class=\"elementor-element elementor-element-49df8c3 elementor-widget elementor-widget-heading\" data-id=\"49df8c3\" data-element_type=\"widget\" data-widget_type=\"heading.default\">\n\t\t\t\t<div class=\"elementor-widget-container\">\n\t\t\t\t\t<h2 class=\"elementor-heading-title elementor-size-default\">\u00bfPOR QU\u00c9 ELEGIRNOS?<\/h2>\t\t\t\t<\/div>\n\t\t\t\t<\/div>\n\t\t\t\t\t<\/div>\n\t\t<\/div>\n\t\t\t\t\t<\/div>\n\t\t<\/section>\n\t\t\t\t<section class=\"elementor-section elementor-top-section elementor-element elementor-element-9ec6aed elementor-section-boxed elementor-section-height-default elementor-section-height-default\" data-id=\"9ec6aed\" data-element_type=\"section\">\n\t\t\t\t\t\t<div class=\"elementor-container elementor-column-gap-default\">\n\t\t\t\t\t<div class=\"elementor-column elementor-col-50 elementor-top-column elementor-element elementor-element-19ec8fa\" data-id=\"19ec8fa\" data-element_type=\"column\">\n\t\t\t<div class=\"elementor-widget-wrap elementor-element-populated\">\n\t\t\t\t\t\t<div class=\"elementor-element elementor-element-2b86e23 elementor-widget elementor-widget-image\" data-id=\"2b86e23\" data-element_type=\"widget\" data-widget_type=\"image.default\">\n\t\t\t\t<div class=\"elementor-widget-container\">\n\t\t\t\t\t\t\t\t\t\t\t\t\t\t\t<img fetchpriority=\"high\" decoding=\"async\" width=\"1024\" height=\"1024\" src=\"https:\/\/conectasur.com.mx\/wp-content\/uploads\/2025\/03\/Copia-de-Mensaje-2-10-de-febrero-25-2-1024x1024.png\" class=\"attachment-large size-large wp-image-413\" alt=\"\" srcset=\"https:\/\/conectasur.com.mx\/wp-content\/uploads\/2025\/03\/Copia-de-Mensaje-2-10-de-febrero-25-2-1024x1024.png 1024w, https:\/\/conectasur.com.mx\/wp-content\/uploads\/2025\/03\/Copia-de-Mensaje-2-10-de-febrero-25-2-300x300.png 300w, https:\/\/conectasur.com.mx\/wp-content\/uploads\/2025\/03\/Copia-de-Mensaje-2-10-de-febrero-25-2-150x150.png 150w, https:\/\/conectasur.com.mx\/wp-content\/uploads\/2025\/03\/Copia-de-Mensaje-2-10-de-febrero-25-2-768x768.png 768w, https:\/\/conectasur.com.mx\/wp-content\/uploads\/2025\/03\/Copia-de-Mensaje-2-10-de-febrero-25-2.png 1080w\" sizes=\"(max-width: 1024px) 100vw, 1024px\" \/>\t\t\t\t\t\t\t\t\t\t\t\t\t\t\t<\/div>\n\t\t\t\t<\/div>\n\t\t\t\t\t<\/div>\n\t\t<\/div>\n\t\t\t\t<div class=\"elementor-column elementor-col-50 elementor-top-column elementor-element elementor-element-1f31a33\" data-id=\"1f31a33\" data-element_type=\"column\">\n\t\t\t<div class=\"elementor-widget-wrap elementor-element-populated\">\n\t\t\t\t\t\t<div class=\"elementor-element elementor-element-743ce4e elementor-widget elementor-widget-text-editor\" data-id=\"743ce4e\" data-element_type=\"widget\" data-widget_type=\"text-editor.default\">\n\t\t\t\t<div class=\"elementor-widget-container\">\n\t\t\t\t\t\t\t\t\t<p><strong>Conectasur<\/strong>\u00a0te ofrece la oportunidad de hacer crecer tu negocio mediante la comercializaci\u00f3n de<strong>\u00a0tarjetas SIM<\/strong>\u00a0de distintas compa\u00f1\u00edas como Torofon, AT&amp;T, Unefon, Movistar, Bait y Virgin. Adem\u00e1s, contamos con nuestra\u00a0<strong>plataforma para la venta de tiempo aire y cobro de servicios<\/strong>\u00a0de distintas compa\u00f1\u00edas como CFE, Telmex, Sky, Megacable, Izzi, Avon; as\u00ed la\u00a0<strong>venta de terminales bancarias<\/strong>\u00a0Clip y Mercado Pago.<\/p>\t\t\t\t\t\t\t\t<\/div>\n\t\t\t\t<\/div>\n\t\t\t\t<div class=\"elementor-element elementor-element-52465f7 elementor-widget elementor-widget-text-editor\" data-id=\"52465f7\" data-element_type=\"widget\" data-widget_type=\"text-editor.default\">\n\t\t\t\t<div class=\"elementor-widget-container\">\n\t\t\t\t\t\t\t\t\t<p class=\"mt-2 mb-2 has-normal-font-size\">Potencializa tu negocio y\u00a0<strong>GENERA INGRESOS\u00a0<\/strong>vendiendo recargas electr\u00f3nicas, pines electr\u00f3nicos, pagos de servicio y m\u00e1s.<\/p><p class=\"mt-2 mb-2 has-normal-font-size\">Adem\u00e1s, acepta en tu negocio, pagos con tarjetas de cr\u00e9dito y d\u00e9bito.\u00a0<\/p>\t\t\t\t\t\t\t\t<\/div>\n\t\t\t\t<\/div>\n\t\t\t\t<div class=\"elementor-element elementor-element-0b70228 elementor-align-center elementor-widget elementor-widget-button\" data-id=\"0b70228\" data-element_type=\"widget\" data-widget_type=\"button.default\">\n\t\t\t\t<div class=\"elementor-widget-container\">\n\t\t\t\t\t\t\t\t\t<div class=\"elementor-button-wrapper\">\n\t\t\t\t\t<a class=\"elementor-button elementor-button-link elementor-size-sm\" href=\"http:\/\/wa.me\/2294837838\">\n\t\t\t\t\t\t<span class=\"elementor-button-content-wrapper\">\n\t\t\t\t\t\t\t\t\t<span class=\"elementor-button-text\">EMPIEZA AHORA<\/span>\n\t\t\t\t\t<\/span>\n\t\t\t\t\t<\/a>\n\t\t\t\t<\/div>\n\t\t\t\t\t\t\t\t<\/div>\n\t\t\t\t<\/div>\n\t\t\t\t\t<\/div>\n\t\t<\/div>\n\t\t\t\t\t<\/div>\n\t\t<\/section>\n\t\t\t\t<section class=\"elementor-section elementor-top-section elementor-element elementor-element-cbd199c elementor-section-boxed elementor-section-height-default elementor-section-height-default\" data-id=\"cbd199c\" data-element_type=\"section\">\n\t\t\t\t\t\t<div class=\"elementor-container elementor-column-gap-default\">\n\t\t\t\t\t<div class=\"elementor-column elementor-col-100 elementor-top-column elementor-element elementor-element-590bcb3\" data-id=\"590bcb3\" data-element_type=\"column\">\n\t\t\t<div class=\"elementor-widget-wrap elementor-element-populated\">\n\t\t\t\t\t\t<div class=\"elementor-element elementor-element-39750c1 elementor-widget elementor-widget-image\" data-id=\"39750c1\" data-element_type=\"widget\" data-widget_type=\"image.default\">\n\t\t\t\t<div class=\"elementor-widget-container\">\n\t\t\t\t\t\t\t\t\t\t\t\t\t\t\t<img decoding=\"async\" width=\"1024\" height=\"664\" src=\"https:\/\/conectasur.com.mx\/wp-content\/uploads\/2025\/03\/Obten-grandes-beneficios-al-vender-recargas-electronicas.-1-1024x664.png\" class=\"attachment-large size-large wp-image-328\" alt=\"\" srcset=\"https:\/\/conectasur.com.mx\/wp-content\/uploads\/2025\/03\/Obten-grandes-beneficios-al-vender-recargas-electronicas.-1-1024x664.png 1024w, https:\/\/conectasur.com.mx\/wp-content\/uploads\/2025\/03\/Obten-grandes-beneficios-al-vender-recargas-electronicas.-1-300x194.png 300w, https:\/\/conectasur.com.mx\/wp-content\/uploads\/2025\/03\/Obten-grandes-beneficios-al-vender-recargas-electronicas.-1-768x498.png 768w, https:\/\/conectasur.com.mx\/wp-content\/uploads\/2025\/03\/Obten-grandes-beneficios-al-vender-recargas-electronicas.-1.png 1080w\" sizes=\"(max-width: 1024px) 100vw, 1024px\" \/>\t\t\t\t\t\t\t\t\t\t\t\t\t\t\t<\/div>\n\t\t\t\t<\/div>\n\t\t\t\t\t<\/div>\n\t\t<\/div>\n\t\t\t\t\t<\/div>\n\t\t<\/section>\n\t\t\t\t<section class=\"elementor-section elementor-top-section elementor-element elementor-element-b696b5c elementor-section-boxed elementor-section-height-default elementor-section-height-default\" data-id=\"b696b5c\" data-element_type=\"section\">\n\t\t\t\t\t\t<div class=\"elementor-container elementor-column-gap-default\">\n\t\t\t\t\t<div class=\"elementor-column elementor-col-100 elementor-top-column elementor-element elementor-element-bc4ecb6\" data-id=\"bc4ecb6\" data-element_type=\"column\">\n\t\t\t<div class=\"elementor-widget-wrap elementor-element-populated\">\n\t\t\t\t\t\t<div class=\"elementor-element elementor-element-9114afe elementor-widget elementor-widget-heading\" data-id=\"9114afe\" data-element_type=\"widget\" data-widget_type=\"heading.default\">\n\t\t\t\t<div class=\"elementor-widget-container\">\n\t\t\t\t\t<h2 class=\"elementor-heading-title elementor-size-default\">Beneficios para \u00a1TODOS LOS NEGOCIOS!<\/h2>\t\t\t\t<\/div>\n\t\t\t\t<\/div>\n\t\t\t\t\t<\/div>\n\t\t<\/div>\n\t\t\t\t\t<\/div>\n\t\t<\/section>\n\t\t\t\t<section class=\"elementor-section elementor-top-section elementor-element elementor-element-c952aa1 elementor-section-boxed elementor-section-height-default elementor-section-height-default\" data-id=\"c952aa1\" data-element_type=\"section\">\n\t\t\t\t\t\t<div class=\"elementor-container elementor-column-gap-default\">\n\t\t\t\t\t<div class=\"elementor-column elementor-col-100 elementor-top-column elementor-element elementor-element-08634a4\" data-id=\"08634a4\" data-element_type=\"column\">\n\t\t\t<div class=\"elementor-widget-wrap elementor-element-populated\">\n\t\t\t\t\t\t<div class=\"elementor-element elementor-element-5944a47 elementor-widget elementor-widget-image\" data-id=\"5944a47\" data-element_type=\"widget\" data-widget_type=\"image.default\">\n\t\t\t\t<div class=\"elementor-widget-container\">\n\t\t\t\t\t\t\t\t\t\t\t\t\t\t\t<img decoding=\"async\" width=\"1024\" height=\"664\" src=\"https:\/\/conectasur.com.mx\/wp-content\/uploads\/2025\/03\/Obten-grandes-beneficios-al-vender-recargas-electronicas.-2-1024x664.png\" class=\"attachment-large size-large wp-image-345\" alt=\"\" srcset=\"https:\/\/conectasur.com.mx\/wp-content\/uploads\/2025\/03\/Obten-grandes-beneficios-al-vender-recargas-electronicas.-2-1024x664.png 1024w, https:\/\/conectasur.com.mx\/wp-content\/uploads\/2025\/03\/Obten-grandes-beneficios-al-vender-recargas-electronicas.-2-300x194.png 300w, https:\/\/conectasur.com.mx\/wp-content\/uploads\/2025\/03\/Obten-grandes-beneficios-al-vender-recargas-electronicas.-2-768x498.png 768w, https:\/\/conectasur.com.mx\/wp-content\/uploads\/2025\/03\/Obten-grandes-beneficios-al-vender-recargas-electronicas.-2.png 1080w\" sizes=\"(max-width: 1024px) 100vw, 1024px\" \/>\t\t\t\t\t\t\t\t\t\t\t\t\t\t\t<\/div>\n\t\t\t\t<\/div>\n\t\t\t\t\t<\/div>\n\t\t<\/div>\n\t\t\t\t\t<\/div>\n\t\t<\/section>\n\t\t\t\t<section class=\"elementor-section elementor-top-section elementor-element elementor-element-3151b96 elementor-section-boxed elementor-section-height-default elementor-section-height-default\" data-id=\"3151b96\" data-element_type=\"section\">\n\t\t\t\t\t\t<div class=\"elementor-container elementor-column-gap-default\">\n\t\t\t\t\t<div class=\"elementor-column elementor-col-100 elementor-top-column elementor-element elementor-element-6a57a82\" data-id=\"6a57a82\" data-element_type=\"column\">\n\t\t\t<div class=\"elementor-widget-wrap elementor-element-populated\">\n\t\t\t\t\t\t<div class=\"elementor-element elementor-element-9af1db1 elementor-widget elementor-widget-heading\" data-id=\"9af1db1\" data-element_type=\"widget\" data-widget_type=\"heading.default\">\n\t\t\t\t<div class=\"elementor-widget-container\">\n\t\t\t\t\t<h2 class=\"elementor-heading-title elementor-size-default\">S\u00edguenos en redes sociales<\/h2>\t\t\t\t<\/div>\n\t\t\t\t<\/div>\n\t\t\t\t\t<\/div>\n\t\t<\/div>\n\t\t\t\t\t<\/div>\n\t\t<\/section>\n\t\t\t\t<section class=\"elementor-section elementor-top-section elementor-element elementor-element-0a59cd2 elementor-section-boxed elementor-section-height-default elementor-section-height-default\" data-id=\"0a59cd2\" data-element_type=\"section\">\n\t\t\t\t\t\t<div class=\"elementor-container elementor-column-gap-default\">\n\t\t\t\t\t<div class=\"elementor-column elementor-col-100 elementor-top-column elementor-element elementor-element-1e5d879\" data-id=\"1e5d879\" data-element_type=\"column\">\n\t\t\t<div class=\"elementor-widget-wrap elementor-element-populated\">\n\t\t\t\t\t\t<div class=\"elementor-element elementor-element-ebe439f elementor-shape-circle elementor-grid-2 e-grid-align-center elementor-widget elementor-widget-social-icons\" data-id=\"ebe439f\" data-element_type=\"widget\" data-widget_type=\"social-icons.default\">\n\t\t\t\t<div class=\"elementor-widget-container\">\n\t\t\t\t\t\t\t<div class=\"elementor-social-icons-wrapper elementor-grid\">\n\t\t\t\t\t\t\t<span class=\"elementor-grid-item\">\n\t\t\t\t\t<a class=\"elementor-icon elementor-social-icon elementor-social-icon-facebook elementor-repeater-item-2edb874\" href=\"https:\/\/www.facebook.com\/Conectasurmx.telefonia\" target=\"_blank\">\n\t\t\t\t\t\t<span class=\"elementor-screen-only\">Facebook<\/span>\n\t\t\t\t\t\t<i class=\"fab fa-facebook\"><\/i>\t\t\t\t\t<\/a>\n\t\t\t\t<\/span>\n\t\t\t\t\t\t\t<span class=\"elementor-grid-item\">\n\t\t\t\t\t<a class=\"elementor-icon elementor-social-icon elementor-social-icon-instagram elementor-repeater-item-3638ab0\" href=\"https:\/\/www.instagram.com\/conectasurmx\/\" target=\"_blank\">\n\t\t\t\t\t\t<span class=\"elementor-screen-only\">Instagram<\/span>\n\t\t\t\t\t\t<i class=\"fab fa-instagram\"><\/i>\t\t\t\t\t<\/a>\n\t\t\t\t<\/span>\n\t\t\t\t\t<\/div>\n\t\t\t\t\t\t<\/div>\n\t\t\t\t<\/div>\n\t\t\t\t<div class=\"elementor-element elementor-element-841f60e elementor-widget elementor-widget-spacer\" data-id=\"841f60e\" data-element_type=\"widget\" data-widget_type=\"spacer.default\">\n\t\t\t\t<div class=\"elementor-widget-container\">\n\t\t\t\t\t\t\t<div class=\"elementor-spacer\">\n\t\t\t<div class=\"elementor-spacer-inner\"><\/div>\n\t\t<\/div>\n\t\t\t\t\t\t<\/div>\n\t\t\t\t<\/div>\n\t\t\t\t\t<\/div>\n\t\t<\/div>\n\t\t\t\t\t<\/div>\n\t\t<\/section>\n\t\t\t\t<\/div>\n\t\t","protected":false},"excerpt":{"rendered":"<p>\u00bfPOR QU\u00c9 ELEGIRNOS? Conectasur\u00a0te ofrece la oportunidad de hacer crecer tu negocio mediante la comercializaci\u00f3n de\u00a0tarjetas SIM\u00a0de distintas compa\u00f1\u00edas como Torofon, AT&amp;T, Unefon, Movistar, Bait y Virgin. Adem\u00e1s, contamos con nuestra\u00a0plataforma para la venta de tiempo aire y cobro de servicios\u00a0de distintas compa\u00f1\u00edas como CFE, Telmex, Sky, Megacable, Izzi, Avon; as\u00ed la\u00a0venta de terminales bancarias\u00a0Clip&hellip;&nbsp;<a href=\"https:\/\/conectasur.com.mx\/?page_id=8\" rel=\"bookmark\">Read More &raquo;<span class=\"screen-reader-text\"><\/span><\/a><\/p>\n","protected":false},"author":1,"featured_media":0,"parent":0,"menu_order":0,"comment_status":"closed","ping_status":"closed","template":"","meta":{"neve_meta_sidebar":"","neve_meta_container":"","neve_meta_enable_content_width":"","neve_meta_content_width":0,"neve_meta_title_alignment":"","neve_meta_author_avatar":"","neve_post_elements_order":"","neve_meta_disable_header":"","neve_meta_disable_footer":"","neve_meta_disable_title":"","footnotes":""},"class_list":["post-8","page","type-page","status-publish","hentry"],"_links":{"self":[{"href":"https:\/\/conectasur.com.mx\/index.php?rest_route=\/wp\/v2\/pages\/8","targetHints":{"allow":["GET"]}}],"collection":[{"href":"https:\/\/conectasur.com.mx\/index.php?rest_route=\/wp\/v2\/pages"}],"about":[{"href":"https:\/\/conectasur.com.mx\/index.php?rest_route=\/wp\/v2\/types\/page"}],"author":[{"embeddable":true,"href":"https:\/\/conectasur.com.mx\/index.php?rest_route=\/wp\/v2\/users\/1"}],"replies":[{"embeddable":true,"href":"https:\/\/conectasur.com.mx\/index.php?rest_route=%2Fwp%2Fv2%2Fcomments&post=8"}],"version-history":[{"count":57,"href":"https:\/\/conectasur.com.mx\/index.php?rest_route=\/wp\/v2\/pages\/8\/revisions"}],"predecessor-version":[{"id":419,"href":"https:\/\/conectasur.com.mx\/index.php?rest_route=\/wp\/v2\/pages\/8\/revisions\/419"}],"wp:attachment":[{"href":"https:\/\/conectasur.com.mx\/index.php?rest_route=%2Fwp%2Fv2%2Fmedia&parent=8"}],"curies":[{"name":"wp","href":"https:\/\/api.w.org\/{rel}","templated":true}]}}